{"id":11,"date":"2020-03-10T15:14:35","date_gmt":"2020-03-10T15:14:35","guid":{"rendered":"http:\/\/www.aceitesvarietales.com\/?page_id=11"},"modified":"2020-04-07T12:41:06","modified_gmt":"2020-04-07T12:41:06","slug":"olivar","status":"publish","type":"page","link":"https:\/\/www.aceitesvarietales.com\/pt\/olivar\/","title":{"rendered":"O OLIVAL"},"content":{"rendered":"<p>Em Fray Luis Beltr\u00e1n, Mendoza, est\u00e1 localizada nossa Finca Maip\u00fa, onde cultivamos 80has de oliveiras sob um sistema de produ\u00e7\u00e3o org\u00e2nica. Antigamente, esta regi\u00e3o correspondia a um extenso lama\u00e7al conhecido como \u201cLa Gran Ci\u00e9naga de Bermejo\u201d (O grande P\u00e2ntano de Bermejo). As caracter\u00edsticas clim\u00e1ticas do lugar e seus diversos tipos de solo geram diversas condi\u00e7\u00f5es ambientais que v\u00e3o desde alagados com vegeta\u00e7\u00e3o palustre at\u00e9 dunas onde somente algumas esp\u00e9cies adaptadas podem se desenvolver. Isto favorece o desenvolvimento de uma biodiversidade variada e complexa. Coberturas verdes entre as oliveiras, corredores biol\u00f3gicos e um campo nativo de flora e fauna aut\u00f3ctone que rodeia o oliveiral geram um agroecossistema que possibilita a pr\u00e1tica de uma agricultura sustent\u00e1vel.<\/p>\n<p>O cultivo de uma extensa cole\u00e7\u00e3o varietal que re\u00fane mais de 90 variedades de oliveiras provenientes das mais variadas partes do mundo, permite-nos pesquisar acerca da adapta\u00e7\u00e3o destas variedades \u00e0 nossa regi\u00e3o e obter azeites com diversos perfis e sabores.<\/p>","protected":false},"excerpt":{"rendered":"<p>Em Fray Luis Beltr\u00e1n, Mendoza, est\u00e1 localizada nossa Finca Maip\u00fa, onde cultivamos 80has de oliveiras sob um sistema de produ\u00e7\u00e3o org\u00e2nica. Antigamente, esta regi\u00e3o correspondia a um extenso lama\u00e7al conhecido como \u201cLa Gran Ci\u00e9naga de Bermejo\u201d (O grande P\u00e2ntano de Bermejo). As caracter\u00edsticas clim\u00e1ticas do lugar e seus diversos tipos de solo geram diversas condi\u00e7\u00f5es [&hellip;]<\/p>\n","protected":false},"author":1,"featured_media":0,"parent":0,"menu_order":0,"comment_status":"closed","ping_status":"closed","template":"olivar.php","meta":{"_acf_changed":false,"footnotes":""},"class_list":["post-11","page","type-page","status-publish","hentry"],"acf":[],"aioseo_notices":[],"_links":{"self":[{"href":"https:\/\/www.aceitesvarietales.com\/pt\/wp-json\/wp\/v2\/pages\/11","targetHints":{"allow":["GET"]}}],"collection":[{"href":"https:\/\/www.aceitesvarietales.com\/pt\/wp-json\/wp\/v2\/pages"}],"about":[{"href":"https:\/\/www.aceitesvarietales.com\/pt\/wp-json\/wp\/v2\/types\/page"}],"author":[{"embeddable":true,"href":"https:\/\/www.aceitesvarietales.com\/pt\/wp-json\/wp\/v2\/users\/1"}],"replies":[{"embeddable":true,"href":"https:\/\/www.aceitesvarietales.com\/pt\/wp-json\/wp\/v2\/comments?post=11"}],"version-history":[{"count":3,"href":"https:\/\/www.aceitesvarietales.com\/pt\/wp-json\/wp\/v2\/pages\/11\/revisions"}],"predecessor-version":[{"id":280,"href":"https:\/\/www.aceitesvarietales.com\/pt\/wp-json\/wp\/v2\/pages\/11\/revisions\/280"}],"wp:attachment":[{"href":"https:\/\/www.aceitesvarietales.com\/pt\/wp-json\/wp\/v2\/media?parent=11"}],"curies":[{"name":"wp","href":"https:\/\/api.w.org\/{rel}","templated":true}]}}