{"id":23,"date":"2020-03-10T15:15:40","date_gmt":"2020-03-10T15:15:40","guid":{"rendered":"http:\/\/www.aceitesvarietales.com\/?page_id=23"},"modified":"2023-12-22T14:04:03","modified_gmt":"2023-12-22T14:04:03","slug":"arauco","status":"publish","type":"page","link":"https:\/\/www.aceitesvarietales.com\/pt\/arauco\/","title":{"rendered":"Arauco"},"content":{"rendered":"<p>Tradicionalmente, a variedade Arauco \u00e9 chamada Criolla e \u00e9 utilizada para a produ\u00e7\u00e3o de azeitonas de mesa. Descobrimos em seus azeites caracter\u00edsticas excepcionais, perfil verde, grande frescor e frutado intenso.<\/p>","protected":false},"excerpt":{"rendered":"<p>Tradicionalmente, a variedade Arauco \u00e9 chamada Criolla e \u00e9 utilizada para a produ\u00e7\u00e3o de azeitonas de mesa. Descobrimos em seus azeites caracter\u00edsticas excepcionais, perfil verde, grande frescor e frutado intenso.<\/p>\n","protected":false},"author":1,"featured_media":0,"parent":0,"menu_order":0,"comment_status":"closed","ping_status":"closed","template":"arauco.php","meta":{"_acf_changed":false,"footnotes":""},"class_list":["post-23","page","type-page","status-publish","hentry"],"acf":[],"aioseo_notices":[],"_links":{"self":[{"href":"https:\/\/www.aceitesvarietales.com\/pt\/wp-json\/wp\/v2\/pages\/23","targetHints":{"allow":["GET"]}}],"collection":[{"href":"https:\/\/www.aceitesvarietales.com\/pt\/wp-json\/wp\/v2\/pages"}],"about":[{"href":"https:\/\/www.aceitesvarietales.com\/pt\/wp-json\/wp\/v2\/types\/page"}],"author":[{"embeddable":true,"href":"https:\/\/www.aceitesvarietales.com\/pt\/wp-json\/wp\/v2\/users\/1"}],"replies":[{"embeddable":true,"href":"https:\/\/www.aceitesvarietales.com\/pt\/wp-json\/wp\/v2\/comments?post=23"}],"version-history":[{"count":33,"href":"https:\/\/www.aceitesvarietales.com\/pt\/wp-json\/wp\/v2\/pages\/23\/revisions"}],"predecessor-version":[{"id":370,"href":"https:\/\/www.aceitesvarietales.com\/pt\/wp-json\/wp\/v2\/pages\/23\/revisions\/370"}],"wp:attachment":[{"href":"https:\/\/www.aceitesvarietales.com\/pt\/wp-json\/wp\/v2\/media?parent=23"}],"curies":[{"name":"wp","href":"https:\/\/api.w.org\/{rel}","templated":true}]}}