{"id":25,"date":"2020-03-10T15:15:51","date_gmt":"2020-03-10T15:15:51","guid":{"rendered":"http:\/\/www.aceitesvarietales.com\/?page_id=25"},"modified":"2025-12-20T15:43:48","modified_gmt":"2025-12-20T15:43:48","slug":"aceites-varietales","status":"publish","type":"page","link":"https:\/\/www.aceitesvarietales.com\/pt\/aceites-varietales\/","title":{"rendered":"AzEITES VARIETAiS"},"content":{"rendered":"<p>A qualidade das azeitonas e seu cuidadoso manejo nos permitem obter azeites monovarietais  como uma genu\u00edna express\u00e3o das caracter\u00edsticas ecol\u00f3gicas de nossa regi\u00e3o.<br \/>\n<\/p>","protected":false},"excerpt":{"rendered":"<p>A qualidade das azeitonas e seu cuidadoso manejo nos permitem obter azeites monovarietais como uma genu\u00edna express\u00e3o das caracter\u00edsticas ecol\u00f3gicas de nossa regi\u00e3o.<\/p>\n","protected":false},"author":1,"featured_media":0,"parent":0,"menu_order":0,"comment_status":"closed","ping_status":"closed","template":"aceites-varietales.php","meta":{"_acf_changed":false,"footnotes":""},"class_list":["post-25","page","type-page","status-publish","hentry"],"acf":[],"aioseo_notices":[],"_links":{"self":[{"href":"https:\/\/www.aceitesvarietales.com\/pt\/wp-json\/wp\/v2\/pages\/25","targetHints":{"allow":["GET"]}}],"collection":[{"href":"https:\/\/www.aceitesvarietales.com\/pt\/wp-json\/wp\/v2\/pages"}],"about":[{"href":"https:\/\/www.aceitesvarietales.com\/pt\/wp-json\/wp\/v2\/types\/page"}],"author":[{"embeddable":true,"href":"https:\/\/www.aceitesvarietales.com\/pt\/wp-json\/wp\/v2\/users\/1"}],"replies":[{"embeddable":true,"href":"https:\/\/www.aceitesvarietales.com\/pt\/wp-json\/wp\/v2\/comments?post=25"}],"version-history":[{"count":12,"href":"https:\/\/www.aceitesvarietales.com\/pt\/wp-json\/wp\/v2\/pages\/25\/revisions"}],"predecessor-version":[{"id":412,"href":"https:\/\/www.aceitesvarietales.com\/pt\/wp-json\/wp\/v2\/pages\/25\/revisions\/412"}],"wp:attachment":[{"href":"https:\/\/www.aceitesvarietales.com\/pt\/wp-json\/wp\/v2\/media?parent=25"}],"curies":[{"name":"wp","href":"https:\/\/api.w.org\/{rel}","templated":true}]}}