{"id":9,"date":"2020-03-10T15:14:26","date_gmt":"2020-03-10T15:14:26","guid":{"rendered":"http:\/\/www.aceitesvarietales.com\/?page_id=9"},"modified":"2020-04-07T12:54:03","modified_gmt":"2020-04-07T12:54:03","slug":"virgen-extra","status":"publish","type":"page","link":"https:\/\/www.aceitesvarietales.com\/pt\/virgen-extra\/","title":{"rendered":"ELABORA\u00c7\u00c3O DO AZEITE DE OLIVA VIRGEM EXTRA"},"content":{"rendered":"<p>O azeite de oliva virgem extra \u00e9 um alimento natural que se produz na oliveira tal como o consumimos, com todas as suas qualidades, aromas e sabores, pelo que \u00e9 considerado um suco oleoso de azeitonas.<\/p>\n<p>Para poder conservar todas estas qualidades e atributos naturais precisamos cuidar as etapas do processo de obten\u00e7\u00e3o, que consistem na moagem da azeitona e na separa\u00e7\u00e3o natural a baixas temperaturas.<\/p>","protected":false},"excerpt":{"rendered":"<p>O azeite de oliva virgem extra \u00e9 um alimento natural que se produz na oliveira tal como o consumimos, com todas as suas qualidades, aromas e sabores, pelo que \u00e9 considerado um suco oleoso de azeitonas. Para poder conservar todas estas qualidades e atributos naturais precisamos cuidar as etapas do processo de obten\u00e7\u00e3o, que consistem [&hellip;]<\/p>\n","protected":false},"author":1,"featured_media":0,"parent":0,"menu_order":0,"comment_status":"closed","ping_status":"closed","template":"virgenextra.php","meta":{"_acf_changed":false,"footnotes":""},"class_list":["post-9","page","type-page","status-publish","hentry"],"acf":[],"aioseo_notices":[],"_links":{"self":[{"href":"https:\/\/www.aceitesvarietales.com\/pt\/wp-json\/wp\/v2\/pages\/9","targetHints":{"allow":["GET"]}}],"collection":[{"href":"https:\/\/www.aceitesvarietales.com\/pt\/wp-json\/wp\/v2\/pages"}],"about":[{"href":"https:\/\/www.aceitesvarietales.com\/pt\/wp-json\/wp\/v2\/types\/page"}],"author":[{"embeddable":true,"href":"https:\/\/www.aceitesvarietales.com\/pt\/wp-json\/wp\/v2\/users\/1"}],"replies":[{"embeddable":true,"href":"https:\/\/www.aceitesvarietales.com\/pt\/wp-json\/wp\/v2\/comments?post=9"}],"version-history":[{"count":6,"href":"https:\/\/www.aceitesvarietales.com\/pt\/wp-json\/wp\/v2\/pages\/9\/revisions"}],"predecessor-version":[{"id":295,"href":"https:\/\/www.aceitesvarietales.com\/pt\/wp-json\/wp\/v2\/pages\/9\/revisions\/295"}],"wp:attachment":[{"href":"https:\/\/www.aceitesvarietales.com\/pt\/wp-json\/wp\/v2\/media?parent=9"}],"curies":[{"name":"wp","href":"https:\/\/api.w.org\/{rel}","templated":true}]}}